{"id":28,"date":"2026-01-09T11:14:42","date_gmt":"2026-01-09T11:14:42","guid":{"rendered":"https:\/\/initial.health\/start\/"},"modified":"2026-04-06T10:28:30","modified_gmt":"2026-04-06T10:28:30","slug":"initial-health","status":"publish","type":"page","link":"https:\/\/initial.health\/en\/","title":{"rendered":"initial health"},"content":{"rendered":"<div class=\"wp-block-group alignfull is-style-ext-preset--group--natural-1--section has-background-background-color has-background has-global-padding is-layout-constrained wp-block-group-is-layout-constrained\" style=\"margin-top:0;margin-bottom:0;padding-top:var(--wp--preset--spacing--50);padding-bottom:var(--wp--preset--spacing--70)\">\n<div class=\"wp-block-columns alignwide are-vertically-aligned-center is-layout-flex wp-container-core-columns-is-layout-174606dc wp-block-columns-is-layout-flex\">\n<div class=\"wp-block-column is-vertically-aligned-center is-layout-flow wp-block-column-is-layout-flow\">\n<div class=\"wp-block-group alignwide is-vertical is-layout-flex wp-container-core-group-is-layout-c35747d5 wp-block-group-is-layout-flex\">\n<div class=\"wp-block-group has-global-padding is-layout-constrained wp-container-core-group-is-layout-dd32767c wp-block-group-is-layout-constrained\">\n<h1 class=\"wp-block-heading\">Gesundheit verstehen \u2013 Immunsystem im Fokus<\/h1>\n\n\n\n<p>Gesamt-Verst\u00e4ndnis von Immunsystem, Mikrobiom und Genetik bringt innovative Ans\u00e4tze zur Pr\u00e4vention und Behandlung von Kinder-Autoimmunerkrankungen. Hierf\u00fcr m\u00fcssen wir nicht nur nach <strong>Krankheits<\/strong>-Ursachen suchen, sondern auch nach den <strong>Gesundheits<\/strong>-Ursachen &#8211; und die Zusammenh\u00e4nge erkennen.<\/p>\n<\/div>\n<\/div>\n<\/div>\n\n\n\n<div class=\"wp-block-column is-vertically-aligned-center is-layout-flow wp-block-column-is-layout-flow\">\n<figure class=\"wp-block-image is-style-ext-preset--image--natural-1--image-1--content-left is-style-ext-preset--image--natural-1--image-1--content-left--2\"><img loading=\"lazy\" decoding=\"async\" width=\"1280\" height=\"720\" src=\"https:\/\/initial.health\/wp-content\/uploads\/2026\/01\/0e30670f2bd497d725734baf2b58c23aa21fbbd3.jpg\" alt=\"\" class=\"wp-image-68\" style=\"aspect-ratio:1;object-fit:cover\" srcset=\"https:\/\/initial.health\/wp-content\/uploads\/2026\/01\/0e30670f2bd497d725734baf2b58c23aa21fbbd3.jpg 1280w, https:\/\/initial.health\/wp-content\/uploads\/2026\/01\/0e30670f2bd497d725734baf2b58c23aa21fbbd3-300x169.jpg 300w, https:\/\/initial.health\/wp-content\/uploads\/2026\/01\/0e30670f2bd497d725734baf2b58c23aa21fbbd3-1024x576.jpg 1024w, https:\/\/initial.health\/wp-content\/uploads\/2026\/01\/0e30670f2bd497d725734baf2b58c23aa21fbbd3-768x432.jpg 768w, https:\/\/initial.health\/wp-content\/uploads\/2026\/01\/0e30670f2bd497d725734baf2b58c23aa21fbbd3-18x10.jpg 18w\" sizes=\"auto, (max-width: 1280px) 100vw, 1280px\" \/><\/figure>\n<\/div>\n<\/div>\n\n\n\n<p class=\"has-text-align-center\"><mark style=\"background-color:#ffe70080;color:#0b231b\" class=\"has-inline-color\"><em><strong>INITIAL.HEALTH<\/strong><\/em>  und <em><strong>T1D.HEALTH<\/strong><\/em>  sind im Aufbau. <\/mark><\/p>\n\n\n\n<p class=\"has-text-align-center\"><mark style=\"background-color:rgba(0, 0, 0, 0)\" class=\"has-inline-color has-secondary-color\"><strong>=<\/strong><\/mark><mark style=\"background-color:rgba(0, 0, 0, 0);color:#0b231b\" class=\"has-inline-color\"> <\/mark><mark style=\"background-color:#ffe70080;color:#0b231b\" class=\"has-inline-color\"> Erwarte nicht zu viel,   <mark style=\"background-color:#ffe70080;color:#0b231b\" class=\"has-inline-color\">nur <strong>das Beste<\/strong>.<\/mark><\/mark> <\/p>\n<\/div>\n\n\n\n<div class=\"wp-block-group alignfull is-style-ext-preset--group--natural-1--section has-tertiary-background-color has-background has-global-padding is-layout-constrained wp-block-group-is-layout-constrained\" id=\"ueber-uns\" style=\"margin-top:0;margin-bottom:0;padding-top:var(--wp--preset--spacing--70);padding-bottom:var(--wp--preset--spacing--70)\">\n<div class=\"wp-block-group alignwide is-vertical is-content-justification-center is-layout-flex wp-container-core-group-is-layout-c9ee0c5a wp-block-group-is-layout-flex\">\n<div class=\"wp-block-group has-global-padding is-layout-constrained wp-container-core-group-is-layout-2287c683 wp-block-group-is-layout-constrained\">\n<h2 class=\"wp-block-heading has-text-align-center\">Verstehen, wie Immunsystem, Genetik und Mikrobiom zusammenwirken, um Gesundheit zu gestalten<\/h2>\n\n\n\n<p class=\"has-text-align-center\"><strong>Autoimmun-Krankheiten &#8211; Angewandte Wissenschaft:<\/strong><\/p>\n<\/div>\n<\/div>\n<\/div>\n\n\n\n<div class=\"wp-block-group alignfull is-style-ext-preset--group--natural-1--section has-tertiary-background-color has-background has-global-padding is-layout-constrained wp-container-core-group-is-layout-e955bbaf wp-block-group-is-layout-constrained\" id=\"funktionen\" style=\"margin-top:0;margin-bottom:0;padding-top:var(--wp--preset--spacing--70);padding-bottom:var(--wp--preset--spacing--70)\">\n<div class=\"wp-block-columns alignwide is-layout-flex wp-container-core-columns-is-layout-87beb0d0 wp-block-columns-is-layout-flex\">\n<div class=\"wp-block-column is-vertically-aligned-stretch is-layout-flow wp-container-core-column-is-layout-119bc444 wp-block-column-is-layout-flow\">\n<div class=\"wp-block-media-text is-stacked-on-mobile is-image-fill-element is-style-ext-preset--media-text--natural-1--card-1 has-background-background-color has-background is-style-ext-preset--media-text--natural-1--card-1--5\"><figure class=\"wp-block-media-text__media\"><img loading=\"lazy\" decoding=\"async\" width=\"1440\" height=\"1440\" src=\"https:\/\/initial.health\/wp-content\/uploads\/2026\/01\/1f68db37ca6faa12b5e2a5f3355eddc5e1d7421d.jpg\" alt=\"\" class=\"wp-image-65 size-full\" style=\"object-position:50% 50%\" srcset=\"https:\/\/initial.health\/wp-content\/uploads\/2026\/01\/1f68db37ca6faa12b5e2a5f3355eddc5e1d7421d.jpg 1440w, https:\/\/initial.health\/wp-content\/uploads\/2026\/01\/1f68db37ca6faa12b5e2a5f3355eddc5e1d7421d-300x300.jpg 300w, https:\/\/initial.health\/wp-content\/uploads\/2026\/01\/1f68db37ca6faa12b5e2a5f3355eddc5e1d7421d-1024x1024.jpg 1024w, https:\/\/initial.health\/wp-content\/uploads\/2026\/01\/1f68db37ca6faa12b5e2a5f3355eddc5e1d7421d-150x150.jpg 150w, https:\/\/initial.health\/wp-content\/uploads\/2026\/01\/1f68db37ca6faa12b5e2a5f3355eddc5e1d7421d-768x768.jpg 768w, https:\/\/initial.health\/wp-content\/uploads\/2026\/01\/1f68db37ca6faa12b5e2a5f3355eddc5e1d7421d-12x12.jpg 12w\" sizes=\"auto, (max-width: 1440px) 100vw, 1440px\" \/><\/figure><div class=\"wp-block-media-text__content\">\n<div class=\"wp-block-group is-style-default has-global-padding is-layout-constrained wp-container-core-group-is-layout-9a7b35d3 wp-block-group-is-layout-constrained\" style=\"padding-top:var(--wp--preset--spacing--40);padding-right:var(--wp--preset--spacing--30);padding-bottom:var(--wp--preset--spacing--40);padding-left:var(--wp--preset--spacing--30)\">\n<h3 class=\"wp-block-heading\" style=\"font-size:clamp(15.747px, 0.984rem + ((1vw - 3.2px) * 0.86), 24px);\">Ganzheitliche Analyse weltweiter Zusammenh\u00e4nge f\u00fcr Pr\u00e4vention und innovative Therapien<\/h3>\n\n\n\n<p class=\"has-small-font-size\">Wir analysieren komplexe Wechselwirkungen zwischen Genetik, l\u00e4nderspezifische Gewohnheiten und Immunantworten sowie die Unterschiede und Zusammenh\u00e4nge von weltweiten Heilungsans\u00e4tzen mit Teil-Erfolgen bei Autoimmunkrankheiten. Ursachen k\u00f6nnen konkreter definieret werden und wir kommen unserem Ziel n\u00e4her: Die nachhaltig effektivste und gleichzeitig schonendste Therapie zu entwickeln; basiert auf aktuellen interdisziplin\u00e4r wissenschaftlichen Erkenntnissen und Erfolgen.<\/p>\n<\/div>\n<\/div><\/div>\n<\/div>\n<\/div>\n\n\n\n<div class=\"wp-block-columns alignwide is-layout-flex wp-container-core-columns-is-layout-e12f0bcd wp-block-columns-is-layout-flex\" style=\"margin-top:var(--wp--preset--spacing--30)\">\n<div class=\"wp-block-column is-layout-flow wp-container-core-column-is-layout-119bc444 wp-block-column-is-layout-flow\"><\/div>\n<\/div>\n<\/div>\n\n\n\n<div class=\"wp-block-group alignfull is-style-ext-preset--group--natural-1--section has-background-background-color has-background has-global-padding is-layout-constrained wp-container-core-group-is-layout-e955bbaf wp-block-group-is-layout-constrained\" style=\"margin-top:0;margin-bottom:0;padding-top:var(--wp--preset--spacing--70);padding-bottom:var(--wp--preset--spacing--70)\">\n<div class=\"wp-block-columns alignwide is-layout-flex wp-container-core-columns-is-layout-174606dc wp-block-columns-is-layout-flex\">\n<div class=\"wp-block-column is-vertically-aligned-center is-layout-flow wp-block-column-is-layout-flow\">\n<div class=\"wp-block-columns is-layout-flex wp-container-core-columns-is-layout-28f84493 wp-block-columns-is-layout-flex\">\n<div class=\"wp-block-column is-vertically-aligned-stretch is-layout-flow wp-block-column-is-layout-flow\">\n<div class=\"wp-block-group is-style-ext-preset--group--natural-1--item-card-1--align-start has-global-padding is-layout-constrained wp-block-group-is-layout-constrained is-style-ext-preset--group--natural-1--item-card-1--align-start--7\">\n<div class=\"wp-block-group is-style-default has-global-padding is-layout-constrained wp-block-group-is-layout-constrained\">\n<figure class=\"wp-block-image size-large ext-aspect-landscape wp-duotone-primary-foreground\"><img decoding=\"async\" src=\"data:image\/svg+xml;base64,PHN2ZyB4bWxucz0iaHR0cDovL3d3dy53My5vcmcvMjAwMC9zdmciIHdpZHRoPSI0OCIgaGVpZ2h0PSI0OCIgZmlsbD0iIzAwMDAwMCIgdmlld0JveD0iMCAwIDI1NiAyNTYiPjxwYXRoIGQ9Ik0yNDgsMTI4YTU2LDU2LDAsMCwxLTk1LjYsMzkuNmwtLjMzLS4zNUw5Mi4xMiw5OS41NWE0MCw0MCwwLDEsMCwwLDU2LjlsOC41Mi05LjYyYTgsOCwwLDEsMSwxMiwxMC42MWwtOC42OSw5LjgxLS4zMy4zNWE1Niw1NiwwLDEsMSwwLTc5LjJsLjMzLjM1LDU5Ljk1LDY3LjdhNDAsNDAsMCwxLDAsMC01Ni45bC04LjUyLDkuNjJhOCw4LDAsMSwxLTEyLTEwLjYxbDguNjktOS44MS4zMy0uMzVBNTYsNTYsMCwwLDEsMjQ4LDEyOFoiPjwvcGF0aD48L3N2Zz4=\" alt=\"\" style=\"object-fit:cover\"\/><\/figure>\n\n\n\n<h3 class=\"wp-block-heading\">nachhaltige Heilung f\u00fcr Kinder-Autoimmunerkrankungen <\/h3>\n\n\n\n<p>Reset: Durch Wiedererlangen des urspr\u00fcnglichen Zusammenspiels von Immunsystem, Mikrobiom und Genetik, sowie dem Tausch des immunologischen Ged\u00e4chtnisses schaffen wir neue Wege zur alten Gesundheit. Die Entwicklung dieser Kombinationstherapie steht noch ganz am Anfang.  <\/p>\n\n\n\n<p>Es wird der nat\u00fcrlichste und nachhaltigste Heilungsansatz \u00fcberhaupt &#8211; unter Einbeziehung der eigenen (Killerzellen-) T-Zell-Selektierung. Diese findet im Thymus (der Thymusdr\u00fcse) statt. Sie ben\u00f6tigt f\u00fcr die korrekte Selektion die urspr\u00fcnglichen Erbinformationen zur\u00fcck, welche die richtige &#8222;Freund-Feind-Erkennung&#8220; enthalten (fr\u00fchkindliche RNA, m-RNA und micro-RNA). Die nat\u00fcrliche Eliminierung der Angreifer-Zellen stoppt den Selbstangriff des Immunsystems. <\/p>\n\n\n\n<p>Durch die Nat\u00fcrlichkeit dieser immunologischen Re-Informations-Therapie sind kaum bis keine Nebenwirkungen zu erwarten, und lassen sich die n\u00f6tigen Studien \u00fcberdurchschnittlich gut durchf\u00fchren.<\/p>\n<\/div>\n<\/div>\n<\/div>\n<\/div>\n<\/div>\n\n\n\n<div class=\"wp-block-column is-vertically-aligned-stretch is-layout-flow wp-container-core-column-is-layout-119bc444 wp-block-column-is-layout-flow\">\n<div class=\"wp-block-cover is-style-ext-preset--image--natural-1--image-1--content-left is-style-ext-preset--image--natural-1--image-1--content-left--8\" style=\"padding-top:0;padding-bottom:0;min-height:100%;aspect-ratio:unset;\"><img loading=\"lazy\" decoding=\"async\" width=\"1044\" height=\"1440\" class=\"wp-block-cover__image-background wp-image-63\" alt=\"\" src=\"https:\/\/initial.health\/wp-content\/uploads\/2026\/01\/bc9be6a9e381ad4bf6d806166ddfd9b43ec72ac1.jpg\" data-object-fit=\"cover\" srcset=\"https:\/\/initial.health\/wp-content\/uploads\/2026\/01\/bc9be6a9e381ad4bf6d806166ddfd9b43ec72ac1.jpg 1044w, https:\/\/initial.health\/wp-content\/uploads\/2026\/01\/bc9be6a9e381ad4bf6d806166ddfd9b43ec72ac1-218x300.jpg 218w, https:\/\/initial.health\/wp-content\/uploads\/2026\/01\/bc9be6a9e381ad4bf6d806166ddfd9b43ec72ac1-742x1024.jpg 742w, https:\/\/initial.health\/wp-content\/uploads\/2026\/01\/bc9be6a9e381ad4bf6d806166ddfd9b43ec72ac1-768x1059.jpg 768w, https:\/\/initial.health\/wp-content\/uploads\/2026\/01\/bc9be6a9e381ad4bf6d806166ddfd9b43ec72ac1-9x12.jpg 9w\" sizes=\"auto, (max-width: 1044px) 100vw, 1044px\" \/><span aria-hidden=\"true\" class=\"wp-block-cover__background has-background-dim-0 has-background-dim\"><\/span><div class=\"wp-block-cover__inner-container is-layout-flow wp-block-cover-is-layout-flow\">\n<div style=\"height:240px\" aria-hidden=\"true\" class=\"wp-block-spacer\"><\/div>\n<\/div><\/div>\n<\/div>\n<\/div>\n<\/div>","protected":false},"excerpt":{"rendered":"<p>Gesundheit verstehen \u2013 Immunsystem im Fokus Gesamt-Verst\u00e4ndnis von Immunsystem, Mikrobiom und Genetik bringt innovative Ans\u00e4tze zur Pr\u00e4vention und Behandlung von Kinder-Autoimmunerkrankungen. Hierf\u00fcr m\u00fcssen wir nicht nur nach Krankheits-Ursachen suchen, sondern auch nach den Gesundheits-Ursachen &#8211; und die Zusammenh\u00e4nge erkennen. INITIAL.HEALTH und T1D.HEALTH sind im Aufbau. = Erwarte nicht zu viel, nur das Beste. Verstehen, wie [&hellip;]<\/p>\n","protected":false},"author":1,"featured_media":0,"parent":0,"menu_order":0,"comment_status":"open","ping_status":"closed","template":"no-title","meta":{"footnotes":""},"class_list":["post-28","page","type-page","status-publish","hentry"],"aioseo_notices":[],"_links":{"self":[{"href":"https:\/\/initial.health\/en\/wp-json\/wp\/v2\/pages\/28","targetHints":{"allow":["GET"]}}],"collection":[{"href":"https:\/\/initial.health\/en\/wp-json\/wp\/v2\/pages"}],"about":[{"href":"https:\/\/initial.health\/en\/wp-json\/wp\/v2\/types\/page"}],"author":[{"embeddable":true,"href":"https:\/\/initial.health\/en\/wp-json\/wp\/v2\/users\/1"}],"replies":[{"embeddable":true,"href":"https:\/\/initial.health\/en\/wp-json\/wp\/v2\/comments?post=28"}],"version-history":[{"count":13,"href":"https:\/\/initial.health\/en\/wp-json\/wp\/v2\/pages\/28\/revisions"}],"predecessor-version":[{"id":275,"href":"https:\/\/initial.health\/en\/wp-json\/wp\/v2\/pages\/28\/revisions\/275"}],"wp:attachment":[{"href":"https:\/\/initial.health\/en\/wp-json\/wp\/v2\/media?parent=28"}],"curies":[{"name":"wp","href":"https:\/\/api.w.org\/{rel}","templated":true}]}}