{"id":91,"date":"2026-01-29T11:10:38","date_gmt":"2026-01-29T11:10:38","guid":{"rendered":"https:\/\/initial.health\/?page_id=91"},"modified":"2026-03-20T23:27:18","modified_gmt":"2026-03-20T23:27:18","slug":"ms-multiple-sklerose-weitere","status":"publish","type":"page","link":"https:\/\/initial.health\/en\/initial-health\/ms-multiple-sklerose-weitere\/","title":{"rendered":"MS \/ Multiple Sklerose + Weitere"},"content":{"rendered":"<p>Auch bei <strong>MS \/ Multiple Sklerose<\/strong> geht eine Falsch-Triggerung \/ Fehl-Information des Immunsystems voraus. Die Ursachen dazu, wie auch zu Prostatakrebs, werden derzeit (u.a. von uns) als sehr \u00e4hnlich zu T1D Meta-analysiert. Auch der Heilungsweg f\u00fcr MS wird h\u00f6chstwahrscheinlich in vielen Teilen identisch zu unserer derzeit angestrebten <strong>#HeilungF\u00fcrT1D &#8211; #Typ1DiabetesHeilung<\/strong> m\u00f6glich sein.<\/p>\n\n\n\n<p><s><em><strong>Rheuma<\/strong><\/em><\/s>: So starke Ursachen-Parallelen wie zwischen MS und T1D konnten wir f\u00fcr manche Krankheiten wie <strong>Rheuma ausschlie\u00dfen<\/strong>, trotz der deutlichen Parallelen im Krankheitsbild. M\u00f6glicherweise gibt es aber bei weiteren Immunkrankheiten auch wieder starke Parallelen, und m\u00f6glicherweise f\u00fcr den L\u00f6sungsweg. Zeitlich wird hier aber T1D vorrangig behandelt und Entstehung von z.B. Rheuma von uns derzeit nicht weiter erforscht. <\/p>\n\n\n\n<p>Liebe Patient: Falls Du eine andere Krankheit als T1D hast, und diese noch nicht heilbar ist: &#8222;Wir w\u00fcnschen Dir, dass von irgendwo anders bald eine Heilungsm\u00f6glichkeit auftaucht!&#8220; Alles Gute!<\/p>\n\n\n\n<p class=\"has-text-align-center\"><mark style=\"background-color:#ffe70080;color:#0b231b\" class=\"has-inline-color\"><em><strong>INITIAL.HEALTH<\/strong><\/em>  befindet sich noch im Aufbau. <\/mark><\/p>\n\n\n\n<p class=\"has-text-align-center\"><mark style=\"background-color:rgba(0, 0, 0, 0)\" class=\"has-inline-color has-secondary-color\"><strong>=<\/strong><\/mark> <mark style=\"background-color:#ffe70080;color:#0b231b\" class=\"has-inline-color\"> Erwarte nicht zu viel, <mark style=\"background-color:#ffe70080;color:#0b231b\" class=\"has-inline-color\">nur <strong>das Beste<\/strong>.<\/mark><\/mark><\/p>","protected":false},"excerpt":{"rendered":"<p>Auch bei MS \/ Multiple Sklerose geht eine Falsch-Triggerung \/ Fehl-Information des Immunsystems voraus. Die Ursachen dazu, wie auch zu Prostatakrebs, werden derzeit (u.a. von uns) als sehr \u00e4hnlich zu T1D Meta-analysiert. Auch der Heilungsweg f\u00fcr MS wird h\u00f6chstwahrscheinlich in vielen Teilen identisch zu unserer derzeit angestrebten #HeilungF\u00fcrT1D &#8211; #Typ1DiabetesHeilung m\u00f6glich sein. Rheuma: So starke [&hellip;]<\/p>\n","protected":false},"author":1,"featured_media":0,"parent":28,"menu_order":0,"comment_status":"closed","ping_status":"closed","template":"page-with-title","meta":{"footnotes":""},"class_list":["post-91","page","type-page","status-publish","hentry"],"aioseo_notices":[],"_links":{"self":[{"href":"https:\/\/initial.health\/en\/wp-json\/wp\/v2\/pages\/91","targetHints":{"allow":["GET"]}}],"collection":[{"href":"https:\/\/initial.health\/en\/wp-json\/wp\/v2\/pages"}],"about":[{"href":"https:\/\/initial.health\/en\/wp-json\/wp\/v2\/types\/page"}],"author":[{"embeddable":true,"href":"https:\/\/initial.health\/en\/wp-json\/wp\/v2\/users\/1"}],"replies":[{"embeddable":true,"href":"https:\/\/initial.health\/en\/wp-json\/wp\/v2\/comments?post=91"}],"version-history":[{"count":4,"href":"https:\/\/initial.health\/en\/wp-json\/wp\/v2\/pages\/91\/revisions"}],"predecessor-version":[{"id":202,"href":"https:\/\/initial.health\/en\/wp-json\/wp\/v2\/pages\/91\/revisions\/202"}],"up":[{"embeddable":true,"href":"https:\/\/initial.health\/en\/wp-json\/wp\/v2\/pages\/28"}],"wp:attachment":[{"href":"https:\/\/initial.health\/en\/wp-json\/wp\/v2\/media?parent=91"}],"curies":[{"name":"wp","href":"https:\/\/api.w.org\/{rel}","templated":true}]}}